{"id":79,"date":"2012-02-15T21:49:58","date_gmt":"2012-02-15T21:49:58","guid":{"rendered":"http:\/\/wp.alhayat.de\/?page_id=79"},"modified":"2026-03-12T21:06:54","modified_gmt":"2026-03-12T21:06:54","slug":"sub-p2","status":"publish","type":"page","link":"https:\/\/www.alhayat.de\/index.php\/sub-p2\/","title":{"rendered":"Die Einrichtung \u201cBaytouna\u00a0al\u00a0Jadid\u201d\u00a0"},"content":{"rendered":"<div class=\"wp-block-image\">\n<figure class=\"alignright is-resized\"><a href=\"http:\/\/www.alhayat.de\/wp-content\/uploads\/12.jpg\" data-rel=\"lightbox-image-0\" data-rl_title=\"\" data-rl_caption=\"\"><img loading=\"lazy\" decoding=\"async\" width=\"250\" height=\"172\" src=\"http:\/\/www.alhayat.de\/wp-content\/uploads\/12.jpg\" alt=\"\" class=\"wp-image-305\" style=\"width:333px;height:auto\" title=\"\"\/><\/a><\/figure>\n<\/div>\n\n\n<p><\/p>\n\n\n\n<p>\u201cBaytouna&nbsp;al&nbsp;Jadid\u201d&nbsp;befindet sich in&nbsp;Daraya, einem Dorf&nbsp;im&nbsp;Chouf-Gebirge, einem Ausl\u00e4ufer des Libanongebirges,&nbsp;und&nbsp;liegt etwa 25km&nbsp;n\u00f6rdlich von Beirut.<\/p>\n\n\n\n<p>Der Name \u201eBaytouna&nbsp;al&nbsp;Jadid\u201c bedeutet \u201eunser neues Heim\u201c und spiegelt das Herzst\u00fcck dieser Einrichtung wider: ein Ort der Gemeinschaft, Wertsch\u00e4tzung und gegenseitigen Unterst\u00fctzung. Im Libanon sind Menschen mit Behinderung&nbsp;bis heute&nbsp;oft von der Gesellschaft ausgeschlossen, leben zur\u00fcckgezogen in ihren Familien oder erhalten nicht&nbsp;immer&nbsp;die n\u00f6tige F\u00f6rderung&nbsp;aufgrund fehlender ad\u00e4quater Betreuungsangebote.&nbsp;&nbsp;<\/p>\n\n\n\n<p>Hier setzt \u201eBaytouna&nbsp;al&nbsp;Jadid\u201c an: Die Einrichtung stellt neben einer professionellen Betreuung&nbsp;und Pflege, Unterst\u00fctzung im Alltag,&nbsp;beim&nbsp;Wohnen&nbsp;und&nbsp;Arbeiten,&nbsp;auch christlich-humanistische Werte wie Gemeinschaft in den Mittelpunkt.&nbsp;Anstelle von Ausgrenzung&nbsp;erleben die&nbsp;Bewohner:innen&nbsp;auf diese Weise aktive Teilhabe, Interesse an ihrer Person und, dass ihnen einen Platz in der Gesellschaft zusteht.&nbsp;<\/p>\n\n\n\n<p>Basierend auf diesen Werten er\u00f6ffnete die Einrichtung 2002 eine Werkstatt f\u00fcr Menschen mit Behinderung, in der Produkte hergestellt und verkauft wurden&nbsp;wie beispielsweise Kerzen oder Gipsfiguren. Sp\u00e4ter erweiterte sie sich um eine Wohngemeinschaft f\u00fcr 8 Personen. In den aktivsten Zeiten betreuten sieben professionelle Fachkr\u00e4fte, viele Freiwillige und ein maronitisch-katholischer Priester acht&nbsp;Bewohner:innen&nbsp;und 29&nbsp;Werkstattmitarbeiter:innen mit Behinderung.<\/p>\n\n\n\n<p>Ausfl\u00fcge in die Natur, Musik sowie das gemeinsame Gebet und Gottesdienstbesuche standen regelm\u00e4ssig auf dem Programm. Baytouna al Jadid wurde \u00fcber die Jahr zu einem Ort der Begegnung: nicht nur Anwohner:innen aus der Umgebung schauten regelm\u00e4ssig zur T\u00fcr herein oder unterst\u00fctzten mit Sachmitteln wie Backwaren, Hygienemitteln und Obst und Gem\u00fcse, sondern auch Jugendgruppen wie z.B.  Pfadfinder fanden den Weg dorthin und halfen das ein oder andere Mal mit aus.<\/p>\n\n\n\n<p>In Zeiten der politischen und sozio-\u00f6konomischen Krise im Libanon, sind viele soziale Einrichtungen massiv unter Druck geraten sind und mussten schliessen. Baytouna al Jadid stellte einen sicheren Hafen und Anlaufspunkt insbesondere f\u00fcr Menschen mit komplexer Mehrfachbehinderung dar, die an anderer Stelle, nicht untergekommen w\u00e4ren. <\/p>\n\n\n\n<p>Trotz der&nbsp;Herausforderungen der letzten Jahre, die 2021 zur Schlie\u00dfung der Werkstatt f\u00fchrten, blieb die Wohngemeinschaft ein zentraler Bestandteil von \u201eBaytouna&nbsp;al&nbsp;Jadid\u201c. Heute, im Jahr 2026,&nbsp;leben dort&nbsp;noch&nbsp;vier&nbsp;Bewohner:innen, die t\u00e4glich betreut und gepflegt werden.&nbsp;<\/p>\n\n\n\n<p>F\u00fcr die Menschen, die hier leben oder gearbeitet haben, ist&nbsp;Baytouna&nbsp;al&nbsp;Jadid&nbsp;mehr als nur eine Betreuungseinrichtung \u2013 es ist ein Ort, an dem sie sich zu Hause f\u00fchlen k\u00f6nnen und an dem ihre St\u00e4rken gesehen und gesch\u00e4tzt werden.&nbsp;<\/p>\n\n\n\n<figure class=\"wp-block-image size-full\"><a href=\"https:\/\/www.alhayat.de\/wp-content\/uploads\/image-5.png\" data-rel=\"lightbox-image-1\" data-rl_title=\"\" data-rl_caption=\"\" title=\"\"><img loading=\"lazy\" decoding=\"async\" width=\"603\" height=\"1\" src=\"https:\/\/www.alhayat.de\/wp-content\/uploads\/image-5.png\" alt=\"\" class=\"wp-image-1318\" srcset=\"https:\/\/www.alhayat.de\/wp-content\/uploads\/image-5.png 603w, https:\/\/www.alhayat.de\/wp-content\/uploads\/image-5-300x1.png 300w, https:\/\/www.alhayat.de\/wp-content\/uploads\/image-5-150x1.png 150w, https:\/\/www.alhayat.de\/wp-content\/uploads\/image-5-50x1.png 50w\" sizes=\"auto, (max-width: 603px) 100vw, 603px\" \/><\/a><\/figure>\n\n\n\n<p><strong>Bleiben Sie informiert<\/strong>&nbsp;<\/p>\n\n\n\n<p>Besuchen Sie unseren&nbsp;Blog, um mehr \u00fcber unsere neuesten Aktivit\u00e4ten und Entwicklungen zu erfahren.&nbsp;<\/p>\n\n\n\n<figure class=\"wp-block-image size-full\"><a href=\"https:\/\/www.alhayat.de\/wp-content\/uploads\/image-6.png\" data-rel=\"lightbox-image-2\" data-rl_title=\"\" data-rl_caption=\"\" title=\"\"><img loading=\"lazy\" decoding=\"async\" width=\"603\" height=\"1\" src=\"https:\/\/www.alhayat.de\/wp-content\/uploads\/image-6.png\" alt=\"\" class=\"wp-image-1319\" srcset=\"https:\/\/www.alhayat.de\/wp-content\/uploads\/image-6.png 603w, https:\/\/www.alhayat.de\/wp-content\/uploads\/image-6-300x1.png 300w, https:\/\/www.alhayat.de\/wp-content\/uploads\/image-6-150x1.png 150w, https:\/\/www.alhayat.de\/wp-content\/uploads\/image-6-50x1.png 50w\" sizes=\"auto, (max-width: 603px) 100vw, 603px\" \/><\/a><\/figure>\n\n\n\n<p><strong>M\u00f6chten Sie uns unterst\u00fctzen?<\/strong>&nbsp;Jede Hilfe \u2013 ob finanziell, materiell oder ideell \u2013 ist herzlich willkommen. Gemeinsam k\u00f6nnen wir einen wertvollen Beitrag f\u00fcr eine inklusive Zukunft leisten!&nbsp;<\/p>\n\n\n\n<p>Aufgrund der anhaltenden Wirtschaftskrise und des Krieges im Libanon ist die Einrichtung mehr denn&nbsp;je&nbsp; auf&nbsp;Spenden angewiesen, damit diese weiter bestehen kann.&nbsp;&nbsp;<\/p>\n\n\n\n<p><\/p>\n\n\n\n<p><\/p>\n\n\n\n<p><strong>Al Hayat&nbsp;e.V.<\/strong>&nbsp;<\/p>\n\n\n\n<p><strong>Sparkasse Worms-&nbsp;Alzey&nbsp;Ried<\/strong>&nbsp;<\/p>\n\n\n\n<p><strong>IBAN:<\/strong>&nbsp;DE86 5535 0010 0007 0079 00&nbsp;<\/p>\n\n\n\n<p><strong>BIC:<\/strong>&nbsp;MALADE51WOR&nbsp;<\/p>\n\n\n\n<p><\/p>\n\n\n\n<p><\/p>\n\n\n\n<p><\/p>\n","protected":false},"excerpt":{"rendered":"<p>\u201cBaytouna&nbsp;al&nbsp;Jadid\u201d&nbsp;befindet sich in&nbsp;Daraya, einem Dorf&nbsp;im&nbsp;Chouf-Gebirge, einem Ausl\u00e4ufer des Libanongebirges,&nbsp;und&nbsp;liegt etwa 25km&nbsp;n\u00f6rdlich von Beirut. Der Name \u201eBaytouna&nbsp;al&nbsp;Jadid\u201c bedeutet \u201eunser neues Heim\u201c und spiegelt das Herzst\u00fcck dieser Einrichtung wider: ein Ort der Gemeinschaft, Wertsch\u00e4tzung und gegenseitigen Unterst\u00fctzung. Im Libanon sind Menschen mit&hellip; <a href=\"https:\/\/www.alhayat.de\/index.php\/sub-p2\/\" class=\"more-link\">Weiterlesen <span class=\"meta-nav\">&rarr;<\/span><\/a><\/p>\n","protected":false},"author":1,"featured_media":0,"parent":0,"menu_order":0,"comment_status":"open","ping_status":"closed","template":"","meta":{"footnotes":""},"class_list":["post-79","page","type-page","status-publish","hentry"],"_links":{"self":[{"href":"https:\/\/www.alhayat.de\/index.php\/wp-json\/wp\/v2\/pages\/79","targetHints":{"allow":["GET"]}}],"collection":[{"href":"https:\/\/www.alhayat.de\/index.php\/wp-json\/wp\/v2\/pages"}],"about":[{"href":"https:\/\/www.alhayat.de\/index.php\/wp-json\/wp\/v2\/types\/page"}],"author":[{"embeddable":true,"href":"https:\/\/www.alhayat.de\/index.php\/wp-json\/wp\/v2\/users\/1"}],"replies":[{"embeddable":true,"href":"https:\/\/www.alhayat.de\/index.php\/wp-json\/wp\/v2\/comments?post=79"}],"version-history":[{"count":12,"href":"https:\/\/www.alhayat.de\/index.php\/wp-json\/wp\/v2\/pages\/79\/revisions"}],"predecessor-version":[{"id":1343,"href":"https:\/\/www.alhayat.de\/index.php\/wp-json\/wp\/v2\/pages\/79\/revisions\/1343"}],"wp:attachment":[{"href":"https:\/\/www.alhayat.de\/index.php\/wp-json\/wp\/v2\/media?parent=79"}],"curies":[{"name":"wp","href":"https:\/\/api.w.org\/{rel}","templated":true}]}}